{"id":1011,"date":"2026-03-12T11:10:45","date_gmt":"2026-03-12T10:10:45","guid":{"rendered":"https:\/\/lauregrosz-psychologue.com\/?page_id=1011"},"modified":"2026-03-12T11:39:31","modified_gmt":"2026-03-12T10:39:31","slug":"presentation","status":"publish","type":"page","link":"https:\/\/lauregrosz-psychologue.com\/?page_id=1011","title":{"rendered":"Pr\u00e9sentation"},"content":{"rendered":"\n<p><\/p>\n\n\n\n<div class=\"wp-block-group has-border-color has-nv-text-dark-bg-border-color has-nv-site-bg-background-color has-background\" style=\"border-width:1px\"><div class=\"wp-block-group__inner-container is-layout-constrained wp-block-group-is-layout-constrained\">\n<h2 class=\"wp-block-heading alignwide has-text-align-center has-neve-link-hover-color-color has-text-color has-link-color has-large-font-size wp-elements-e8dd3f01b37cf4cd1bc79060207565c2\" style=\"padding-top:var(--wp--preset--spacing--40);padding-right:var(--wp--preset--spacing--30);padding-bottom:var(--wp--preset--spacing--40);padding-left:var(--wp--preset--spacing--30)\"><br>Pr\u00e9sentation de mon parcours<\/h2>\n\n\n\n<div class=\"wp-block-group\" style=\"border-style:none;border-width:0px\"><div class=\"wp-block-group__inner-container is-layout-constrained wp-block-group-is-layout-constrained\">\n<div class=\"wp-block-group has-border-color has-nv-site-bg-border-color\" style=\"border-width:1px;padding-top:var(--wp--preset--spacing--20);padding-right:var(--wp--preset--spacing--40);padding-bottom:var(--wp--preset--spacing--20);padding-left:var(--wp--preset--spacing--40)\"><div class=\"wp-block-group__inner-container is-layout-constrained wp-container-core-group-is-layout-b0d9e6a0 wp-block-group-is-layout-constrained\">\n<div class=\"wp-block-group\" style=\"padding-top:2px;padding-right:9px;padding-bottom:70px;padding-left:9px\"><div class=\"wp-block-group__inner-container is-layout-constrained wp-container-core-group-is-layout-62454902 wp-block-group-is-layout-constrained\">\n<p class=\"has-text-align-left has-neve-text-color-color has-text-color has-link-color wp-elements-34ba21f0050b22d5c6b121888e215b82\" style=\"padding-top:1em;padding-right:0.4em;padding-bottom:1em;padding-left:0.4em;font-size:1.2em\">Dipl\u00f4m\u00e9e en 2016 d\u2019un Master de Psychologie sp\u00e9cialis\u00e9e en neuropsychologie, j\u2019ai d\u00e9but\u00e9 mon parcours en tant que neuropsychologue dans un Centre M\u00e9moire. Le Centre M\u00e9moire accompagne des personnes dans une d\u00e9marche d\u2019\u00e9valuation diagnostique des probl\u00e8mes de m\u00e9moire.<\/p>\n\n\n\n<p class=\"has-neve-text-color-color has-text-color has-link-color wp-elements-3321bf5d53901cd80a9df492bd21fd56\" style=\"padding-top:1em;padding-right:0.4em;padding-bottom:1em;padding-left:0.4em;font-size:1.2em\">D\u00e8s 2017, je me suis form\u00e9e \u00e0 la <strong>Psychopathologie clinique psychanalytique<\/strong> afin d\u2019exercer en tant que <strong>Psychologue clinicienne<\/strong>. Le psychologue clinicien soutient, par la parole, la compr\u00e9hension des difficult\u00e9s affectives, conjugales, familiales ou encore sociales.<\/p>\n\n\n\n<p class=\"has-neve-text-color-color has-text-color has-link-color wp-elements-f9564a13a003cdb46b1ae1c853721eef\" style=\"padding-top:1em;padding-right:0.4em;padding-bottom:1em;padding-left:0.4em;font-size:1.2em\">J\u2019ai obtenu deux Dipl\u00f4mes Universitaires de Psychopathologie autour du deuil, de la maladie chronique, du cancer et de la fin de la vie. J\u2019ai travaill\u00e9 dans plusieurs services hospitaliers accueillant des personnes atteintes de maladies somatiques. Je suis aussi intervenue en maison de retraite aupr\u00e8s de personnes en perte d\u2019autonomie. J\u2019ai \u00e9galement accompagn\u00e9 les familles et proches aidants d\u2019une personne malade.<\/p>\n\n\n\n<p class=\"has-neve-text-color-color has-text-color has-link-color wp-elements-72663c3de21f63d8158b1d8e80189c53\" style=\"padding-top:1em;padding-right:0.4em;padding-bottom:1em;padding-left:0.4em;font-size:1.2em\">Depuis 2021, je travaille dans le champ de la <strong>Psychiatrie<\/strong>. <br>Actuellement, en parall\u00e8le du cabinet, j\u2019exerce dans un Centre M\u00e9dico-Psychologique (CMP) o\u00f9 viennent consulter des personnes ressentant un mal-\u00eatre, des sentiments douloureux, des variations d\u2019humeurs, des difficult\u00e9s relationnelles ou encore des ph\u00e9nom\u00e8nes inhabituels.<\/p>\n\n\n\n<p class=\"has-neve-text-color-color has-text-color has-link-color wp-elements-296554edf2d61623824965f4c4500c94\" style=\"padding-top:1em;padding-right:0.4em;padding-bottom:1em;padding-left:0.4em;font-size:1.2em\"><em><strong>Ma pratique clinique actuelle se d\u00e9cline en :<\/strong><\/em><\/p>\n\n\n\n<ul class=\"wp-block-list\">\n<li style=\"font-size:1.2em\"><em><strong>Entretiens individuels<\/strong> : fond\u00e9s principalement sur la parole. <br>Des objets-m\u00e9diations peuvent vous \u00eatre propos\u00e9s pour travailler sur vos ressentis et faciliter la mise en mouvement des pens\u00e9es.<\/em><br><\/li>\n\n\n\n<li style=\"font-size:1.2em\"><em><strong>Th\u00e9rapies de groupe : <\/strong> Il s&rsquo;agit d&rsquo;inviter chaque participant du groupe \u00e0 partager quelque chose de lui, \u00e0 partir d&rsquo;une m\u00e9diation qui se fait support d<\/em>&lsquo;expression <em>(\u00e9criture, images, &#8230;).<\/em> <\/li>\n<\/ul>\n<\/div><\/div>\n<\/div><\/div>\n<\/div><\/div>\n<\/div><\/div>\n\n\n\n<div class=\"wp-block-columns is-layout-flex wp-container-core-columns-is-layout-9d6595d7 wp-block-columns-is-layout-flex\">\n<div class=\"wp-block-column is-layout-flow wp-block-column-is-layout-flow\"><\/div>\n\n\n\n<div class=\"wp-block-column is-layout-flow wp-block-column-is-layout-flow\"><\/div>\n<\/div>\n\n\n\n<p><\/p>\n","protected":false},"excerpt":{"rendered":"<p>Pr\u00e9sentation de mon parcours Dipl\u00f4m\u00e9e en 2016 d\u2019un Master de Psychologie sp\u00e9cialis\u00e9e en neuropsychologie, j\u2019ai d\u00e9but\u00e9 mon parcours en tant que neuropsychologue dans un Centre M\u00e9moire. Le Centre M\u00e9moire accompagne des personnes dans une d\u00e9marche d\u2019\u00e9valuation diagnostique des probl\u00e8mes de m\u00e9moire. D\u00e8s 2017, je me suis form\u00e9e \u00e0 la Psychopathologie clinique psychanalytique afin d\u2019exercer en&hellip;&nbsp;<a href=\"https:\/\/lauregrosz-psychologue.com\/?page_id=1011\" rel=\"bookmark\"><span class=\"screen-reader-text\">Pr\u00e9sentation<\/span><\/a><\/p>\n","protected":false},"author":1,"featured_media":0,"parent":0,"menu_order":0,"comment_status":"closed","ping_status":"closed","template":"","meta":{"neve_meta_sidebar":"","neve_meta_container":"","neve_meta_enable_content_width":"","neve_meta_content_width":0,"neve_meta_title_alignment":"","neve_meta_author_avatar":"","neve_post_elements_order":"","neve_meta_disable_header":"","neve_meta_disable_footer":"","neve_meta_disable_title":"","_themeisle_gutenberg_block_has_review":false,"footnotes":""},"class_list":["post-1011","page","type-page","status-publish","hentry"],"_links":{"self":[{"href":"https:\/\/lauregrosz-psychologue.com\/index.php?rest_route=\/wp\/v2\/pages\/1011","targetHints":{"allow":["GET"]}}],"collection":[{"href":"https:\/\/lauregrosz-psychologue.com\/index.php?rest_route=\/wp\/v2\/pages"}],"about":[{"href":"https:\/\/lauregrosz-psychologue.com\/index.php?rest_route=\/wp\/v2\/types\/page"}],"author":[{"embeddable":true,"href":"https:\/\/lauregrosz-psychologue.com\/index.php?rest_route=\/wp\/v2\/users\/1"}],"replies":[{"embeddable":true,"href":"https:\/\/lauregrosz-psychologue.com\/index.php?rest_route=%2Fwp%2Fv2%2Fcomments&post=1011"}],"version-history":[{"count":7,"href":"https:\/\/lauregrosz-psychologue.com\/index.php?rest_route=\/wp\/v2\/pages\/1011\/revisions"}],"predecessor-version":[{"id":1026,"href":"https:\/\/lauregrosz-psychologue.com\/index.php?rest_route=\/wp\/v2\/pages\/1011\/revisions\/1026"}],"wp:attachment":[{"href":"https:\/\/lauregrosz-psychologue.com\/index.php?rest_route=%2Fwp%2Fv2%2Fmedia&parent=1011"}],"curies":[{"name":"wp","href":"https:\/\/api.w.org\/{rel}","templated":true}]}}